{"id":1287,"date":"2025-11-27T01:05:17","date_gmt":"2025-11-27T01:05:17","guid":{"rendered":"https:\/\/xn--univerthque-59a.xyz\/?page_id=1287"},"modified":"2025-11-27T01:25:09","modified_gmt":"2025-11-27T01:25:09","slug":"1287-2","status":"publish","type":"page","link":"https:\/\/xn--univerthque-59a.xyz\/?page_id=1287","title":{"rendered":""},"content":{"rendered":"\n<!-- START: Biblioth\u00e8que Page -->\n<div style=\"font-family: 'Segoe UI', Tahoma, Geneva, Verdana, sans-serif; padding: 30px; background: #f9f9f9;\">\n\n    <!-- Header -->\n    <h1 style=\"text-align: center; color: #2c3e50; margin-bottom: 40px; font-size: 2.2em;\">\ud83d\udcda Biblioth\u00e8que<\/h1>\n\n    <!-- Category 1: Litt\u00e9rature et \u00c9tudes litt\u00e9raires -->\n    <div style=\"margin-bottom: 40px;\">\n        <h2 style=\"color: #2c3e50; border-bottom: 2px solid #3498db; padding-bottom: 5px; display: inline-block; font-size: 1.5em;\">Litt\u00e9rature et \u00c9tudes litt\u00e9raires<\/h2>\n        \n        <div style=\"display: flex; flex-wrap: wrap; gap: 20px; justify-content: center; margin-top: 20px;\">\n\n            <!-- Book 1: Du lisible au visible -->\n            <div style=\"text-align: center; max-width: 250px; background: white; border-radius: 8px; box-shadow: 0 4px 6px rgba(0,0,0,0.1); transition: transform 0.2s ease; padding: 15px;\">\n                <!-- Image as Link -->\n                <a href=\"https:\/\/univerth\u00e8que.xyz\/?page_id=1211\" style=\"display: block; margin: 10px;\">\n                    <img decoding=\"async\" src=\"https:\/\/xn--univerthque-59a.xyz\/wp-content\/uploads\/2025\/11\/59424.jpg\" alt=\"Du lisible au visible\" style=\"width: 100%; max-width: 200px; height: auto; border-radius: 8px; border: 1px solid #ddd; transition: box-shadow 0.3s ease; box-shadow: 0 2px 4px rgba(0,0,0,0.1);\">\n                <\/a>\n                <!-- Title -->\n                <h3 style=\"margin: 10px 0; font-size: 1.1em; color: #2c3e50; font-weight: 600;\">\n                    <a href=\"https:\/\/univerth\u00e8que.xyz\/?page_id=1211\" style=\"color: #2c3e50; text-decoration: none; transition: color 0.2s ease;\">Du lisible au visible<\/a>\n                <\/h3>\n            <\/div>\n\n            <!-- Book 2: Voix de femmes -->\n            <div style=\"text-align: center; max-width: 250px; background: white; border-radius: 8px; box-shadow: 0 4px 6px rgba(0,0,0,0.1); transition: transform 0.2s ease; padding: 15px;\">\n                <a href=\"https:\/\/univerth\u00e8que.xyz\/?page_id=1213\" target=\"_blank\" style=\"display: block; margin: 10px;\">\n                    <img decoding=\"async\" src=\"https:\/\/xn--univerthque-59a.xyz\/wp-content\/uploads\/2025\/11\/59436.jpg\" alt=\"Voix de femmes\" style=\"width: 100%; max-width: 200px; height: auto; border-radius: 8px; border: 1px solid #ddd; transition: box-shadow 0.3s ease; box-shadow: 0 2px 4px rgba(0,0,0,0.1);\">\n                <\/a>\n                <h3 style=\"margin: 10px 0; font-size: 1.1em; color: #2c3e50; font-weight: 600;\">\n                    <a href=\"https:\/\/univerth\u00e8que.xyz\/?page_id=1213\" style=\"color: #2c3e50; text-decoration: none; transition: color 0.2s ease;\">Voix de femmes<\/a>\n                <\/h3>\n            <\/div>\n\n            <!-- Book 3: L'\u00e9criture et la temporalit\u00e9 -->\n            <div style=\"text-align: center; max-width: 250px; background: white; border-radius: 8px; box-shadow: 0 4px 6px rgba(0,0,0,0.1); transition: transform 0.2s ease; padding: 15px;\">\n                <a href=\"https:\/\/univerth\u00e8que.xyz\/?page_id=1215\" target=\"_blank\" style=\"display: block; margin: 10px;\">\n                    <img decoding=\"async\" src=\"https:\/\/xn--univerthque-59a.xyz\/wp-content\/uploads\/2025\/11\/59439.jpg\" alt=\"L'\u00e9criture et la temporalit\u00e9\" style=\"width: 100%; max-width: 200px; height: auto; border-radius: 8px; border: 1px solid #ddd; transition: box-shadow 0.3s ease; box-shadow: 0 2px 4px rgba(0,0,0,0.1);\">\n                <\/a>\n                <h3 style=\"margin: 10px 0; font-size: 1.1em; color: #2c3e50; font-weight: 600;\">\n                    <a href=\"https:\/\/univerth\u00e8que.xyz\/?page_id=1215\" style=\"color: #2c3e50; text-decoration: none; transition: color 0.2s ease;\">L&rsquo;\u00e9criture et la temporalit\u00e9<\/a>\n                <\/h3>\n            <\/div>\n\n            <!-- Book 4: Litt\u00e9rateurs en partage -->\n            <div style=\"text-align: center; max-width: 250px; background: white; border-radius: 8px; box-shadow: 0 4px 6px rgba(0,0,0,0.1); transition: transform 0.2s ease; padding: 15px;\">\n                <a href=\"https:\/\/univerth\u00e8que.xyz\/?page_id=1217\" target=\"_blank\" style=\"display: block; margin: 10px;\">\n                    <img decoding=\"async\" src=\"https:\/\/xn--univerthque-59a.xyz\/wp-content\/uploads\/2025\/11\/59450.jpg\" alt=\"Litt\u00e9rateurs en partage\" style=\"width: 100%; max-width: 200px; height: auto; border-radius: 8px; border: 1px solid #ddd; transition: box-shadow 0.3s ease; box-shadow: 0 2px 4px rgba(0,0,0,0.1);\">\n                <\/a>\n                <h3 style=\"margin: 10px 0; font-size: 1.1em; color: #2c3e50; font-weight: 600;\">\n                    <a href=\"https:\/\/univerth\u00e8que.xyz\/?page_id=1217\" style=\"color: #2c3e50; text-decoration: none; transition: color 0.2s ease;\">Litt\u00e9rateurs en partage<\/a>\n                <\/h3>\n            <\/div>\n\n        <\/div>\n    <\/div>\n\n    <!-- Category 2: \u00c9tudes de genre et Migration -->\n    <div style=\"margin-bottom: 40px;\">\n        <h2 style=\"color: #2c3e50; border-bottom: 2px solid #3498db; padding-bottom: 5px; display: inline-block; font-size: 1.5em;\">\u00c9tudes de genre et Migration<\/h2>\n        \n        <div style=\"display: flex; flex-wrap: wrap; gap: 20px; justify-content: center; margin-top: 20px;\">\n\n            <!-- Book 5: Femmes - Monde \"Africaines\" et la migration -->\n            <div style=\"text-align: center; max-width: 250px; background: white; border-radius: 8px; box-shadow: 0 4px 6px rgba(0,0,0,0.1); transition: transform 0.2s ease; padding: 15px;\">\n                <a href=\"https:\/\/univerth\u00e8que.xyz\/?page_id=1219\" target=\"_blank\" style=\"display: block; margin: 10px;\">\n                    <img decoding=\"async\" src=\"https:\/\/xn--univerthque-59a.xyz\/wp-content\/uploads\/2025\/11\/59431.jpg\" alt=\"Femmes - Monde Africaines et la migration\" style=\"width: 100%; max-width: 200px; height: auto; border-radius: 8px; border: 1px solid #ddd; transition: box-shadow 0.3s ease; box-shadow: 0 2px 4px rgba(0,0,0,0.1);\">\n                <\/a>\n                <h3 style=\"margin: 10px 0; font-size: 1.1em; color: #2c3e50; font-weight: 600;\">\n                    <a href=\"https:\/\/univerth\u00e8que.xyz\/?page_id=1219\" style=\"color: #2c3e50; text-decoration: none; transition: color 0.2s ease;\">Femmes &#8211; Monde \u00ab\u00a0Africaines\u00a0\u00bb et la migration<\/a>\n                <\/h3>\n            <\/div>\n\n            <!-- Book 6: Voix de femmes (again) -->\n            <div style=\"text-align: center; max-width: 250px; background: white; border-radius: 8px; box-shadow: 0 4px 6px rgba(0,0,0,0.1); transition: transform 0.2s ease; padding: 15px;\">\n                <a href=\"https:\/\/univerth\u00e8que.xyz\/?page_id=1213\" target=\"_blank\" style=\"display: block; margin: 10px;\">\n                    <img decoding=\"async\" src=\"https:\/\/xn--univerthque-59a.xyz\/wp-content\/uploads\/2025\/11\/59436.jpg\" alt=\"Voix de femmes\" style=\"width: 100%; max-width: 200px; height: auto; border-radius: 8px; border: 1px solid #ddd; transition: box-shadow 0.3s ease; box-shadow: 0 2px 4px rgba(0,0,0,0.1);\">\n                <\/a>\n                <h3 style=\"margin: 10px 0; font-size: 1.1em; color: #2c3e50; font-weight: 600;\">\n                    <a href=\"https:\/\/univerth\u00e8que.xyz\/?page_id=1213\" style=\"color: #2c3e50; text-decoration: none; transition: color 0.2s ease;\">Voix de femmes<\/a>\n                <\/h3>\n            <\/div>\n\n        <\/div>\n    <\/div>\n\n    <!-- Category 3: G\u00e9ographie et Espace -->\n    <div style=\"margin-bottom: 40px;\">\n        <h2 style=\"color: #2c3e50; border-bottom: 2px solid #3498db; padding-bottom: 5px; display: inline-block; font-size: 1.5em;\">G\u00e9ographie et Espace<\/h2>\n        \n        <div style=\"display: flex; flex-wrap: wrap; gap: 20px; justify-content: center; margin-top: 20px;\">\n\n            <!-- Book 7: G\u00e9ographie spacial -->\n            <div style=\"text-align: center; max-width: 250px; background: white; border-radius: 8px; box-shadow: 0 4px 6px rgba(0,0,0,0.1); transition: transform 0.2s ease; padding: 15px;\">\n                <a href=\"https:\/\/univerth\u00e8que.xyz\/?page_id=759\" target=\"_blank\" style=\"display: block; margin: 10px;\">\n                    <img decoding=\"async\" src=\"https:\/\/xn--univerthque-59a.xyz\/wp-content\/uploads\/2025\/11\/59427-1.jpg\" alt=\"G\u00e9ographie spacial\" style=\"width: 100%; max-width: 200px; height: auto; border-radius: 8px; border: 1px solid #ddd; transition: box-shadow 0.3s ease; box-shadow: 0 2px 4px rgba(0,0,0,0.1);\">\n                <\/a>\n                <h3 style=\"margin: 10px 0; font-size: 1.1em; color: #2c3e50; font-weight: 600;\">\n                    <a href=\"https:\/\/univerth\u00e8que.xyz\/?page_id=759\" style=\"color: #2c3e50; text-decoration: none; transition: color 0.2s ease;\">G\u00e9ographie spacial<\/a>\n                <\/h3>\n            <\/div>\n\n        <\/div>\n    <\/div>\n\n    <!-- Category 4: Environnement et \u00c9cologie -->\n    <div style=\"margin-bottom: 40px;\">\n        <h2 style=\"color: #2c3e50; border-bottom: 2px solid #3498db; padding-bottom: 5px; display: inline-block; font-size: 1.5em;\">Environnement et \u00c9cologie<\/h2>\n        \n        <div style=\"display: flex; flex-wrap: wrap; gap: 20px; justify-content: center; margin-top: 20px;\">\n\n            <!-- Book 8: Vers une culture de l'environnement -->\n            <div style=\"text-align: center; max-width: 250px; background: white; border-radius: 8px; box-shadow: 0 4px 6px rgba(0,0,0,0.1); transition: transform 0.2s ease; padding: 15px;\">\n                <a href=\"https:\/\/univerth\u00e8que.xyz\/?page_id=1221\" target=\"_blank\" style=\"display: block; margin: 10px;\">\n                    <img decoding=\"async\" src=\"https:\/\/xn--univerthque-59a.xyz\/wp-content\/uploads\/2025\/11\/59421.jpg\" alt=\"Vers une culture de l'environnement\" style=\"width: 100%; max-width: 200px; height: auto; border-radius: 8px; border: 1px solid #ddd; transition: box-shadow 0.3s ease; box-shadow: 0 2px 4px rgba(0,0,0,0.1);\">\n                <\/a>\n                <h3 style=\"margin: 10px 0; font-size: 1.1em; color: #2c3e50; font-weight: 600;\">\n                    <a href=\"https:\/\/univerth\u00e8que.xyz\/?page_id=1221\" style=\"color: #2c3e50; text-decoration: none; transition: color 0.2s ease;\">Vers une culture de l&rsquo;environnement<\/a>\n                <\/h3>\n            <\/div>\n\n        <\/div>\n    <\/div>\n\n<\/div>\n<!-- END: Biblioth\u00e8que Page -->\n\n\n\n<p><\/p>\n","protected":false},"excerpt":{"rendered":"<p>\ud83d\udcda Biblioth\u00e8que Litt\u00e9rature et \u00c9tudes litt\u00e9raires Du lisible au visible Voix de femmes L&rsquo;\u00e9criture et la temporalit\u00e9 Litt\u00e9rateurs en partage \u00c9tudes de genre et Migration Femmes &#8211; Monde \u00ab\u00a0Africaines\u00a0\u00bb et la migration Voix de femmes G\u00e9ographie et Espace G\u00e9ographie spacial Environnement et \u00c9cologie Vers une culture de l&rsquo;environnement<\/p>\n","protected":false},"author":1,"featured_media":0,"parent":0,"menu_order":0,"comment_status":"closed","ping_status":"closed","template":"","meta":{"zakra_page_container_layout":"customizer","zakra_page_sidebar_layout":"customizer","zakra_remove_content_margin":false,"zakra_sidebar":"customizer","zakra_transparent_header":"customizer","zakra_logo":0,"zakra_main_header_style":"default","zakra_menu_item_color":"","zakra_menu_item_hover_color":"","zakra_menu_item_active_color":"","zakra_menu_active_style":"","zakra_page_header":true,"footnotes":""},"class_list":["post-1287","page","type-page","status-publish","hentry"],"_links":{"self":[{"href":"https:\/\/xn--univerthque-59a.xyz\/index.php?rest_route=\/wp\/v2\/pages\/1287","targetHints":{"allow":["GET"]}}],"collection":[{"href":"https:\/\/xn--univerthque-59a.xyz\/index.php?rest_route=\/wp\/v2\/pages"}],"about":[{"href":"https:\/\/xn--univerthque-59a.xyz\/index.php?rest_route=\/wp\/v2\/types\/page"}],"author":[{"embeddable":true,"href":"https:\/\/xn--univerthque-59a.xyz\/index.php?rest_route=\/wp\/v2\/users\/1"}],"replies":[{"embeddable":true,"href":"https:\/\/xn--univerthque-59a.xyz\/index.php?rest_route=%2Fwp%2Fv2%2Fcomments&post=1287"}],"version-history":[{"count":3,"href":"https:\/\/xn--univerthque-59a.xyz\/index.php?rest_route=\/wp\/v2\/pages\/1287\/revisions"}],"predecessor-version":[{"id":1292,"href":"https:\/\/xn--univerthque-59a.xyz\/index.php?rest_route=\/wp\/v2\/pages\/1287\/revisions\/1292"}],"wp:attachment":[{"href":"https:\/\/xn--univerthque-59a.xyz\/index.php?rest_route=%2Fwp%2Fv2%2Fmedia&parent=1287"}],"curies":[{"name":"wp","href":"https:\/\/api.w.org\/{rel}","templated":true}]}}