{"id":1080,"date":"2015-07-29T13:44:44","date_gmt":"2015-07-29T13:44:44","guid":{"rendered":"https:\/\/blockart-agency.sites.qsandbox.com\/?page_id=4"},"modified":"2025-12-01T00:42:22","modified_gmt":"2025-12-01T00:42:22","slug":"home-2","status":"publish","type":"page","link":"https:\/\/xn--univerthque-59a.xyz\/","title":{"rendered":"Accueil"},"content":{"rendered":"\n<div style=\"background-color: #eaeff5; color: #333333; font-family: Arial, sans-serif; line-height: 1.6; padding: 40px 20px;\">\n\n    <!-- Full-width card with white background -->\n    <div style=\"max-width: 800px; margin: 0 auto; background-color: #ffffff; padding: 30px; border-radius: 12px; box-shadow: 0 6px 12px rgba(0,0,0,0.1); border: 1px solid #e0e0e0;\">\n\n        <h1 style=\"font-size: 28px; color: #3498db; text-align: center; margin-bottom: 25px; letter-spacing: 1px; font-weight: bold; white-space: nowrap;\">\n            Projet de Gestion Informatis\u00e9e des Documents (GED)\n        <\/h1>\n\n        <p style=\"font-size: 16px; text-align: justify; margin-bottom: 20px; line-height: 1.8; color: #121212; font-weight: bold;\">\n            Ce site pr\u00e9sente notre projet entrant dans le cadre de la gestion informatis\u00e9e des documents GED.\n        <\/p>\n\n        <p style=\"font-size: 16px; margin-bottom: 20px; font-weight: bold;\">\n            <strong style=\"color: #3498db;\">CYCLE MASTER :<\/strong> \n            <span style=\"color: #121212;\">Litt\u00e9ratures et Culture Documentaliste Informatis\u00e9e<\/span>\n        <\/p>\n\n        <div style=\"font-size: 15px; color: #121212; text-align: center; margin-top: 25px; font-weight: bold;\">\n            R\u00e9alis\u00e9 par : <span style=\"color: #3498db; cursor: default;\">Jalila EL HADI\u2013 Hajar ZERROUKI<\/span><br>\n            Sous la direction de : <span style=\"color: #3498db; cursor: default;\">Mme Najat ZERROUKI<\/span>\n        <\/div>\n\n    <\/div>\n\n<\/div>\n\n\n<style id=\"wp_carousel_dynamic_css786\">.sp-wp-carousel-free-id-786.wpcf-fancybox-wrapper .fancybox-bg{background: #0b0b0b;opacity: 0.8;}.sp-wp-carousel-free-id-786.wpcf-fancybox-wrapper .fancybox-navigation .fancybox-button .wpcp-fancybox-nav-arrow i {color: #ccc;}.sp-wp-carousel-free-id-786.wpcf-fancybox-wrapper .fancybox-navigation .fancybox-button .wpcp-fancybox-nav-arrow i:hover {color: #fff;}.sp-wp-carousel-free-id-786.wpcf-fancybox-wrapper .fancybox-navigation .fancybox-button {background: #1e1e1e;}.sp-wp-carousel-free-id-786.wpcf-fancybox-wrapper .fancybox-navigation .fancybox-button:hover {background: #1e1e1e;}#sp-wp-carousel-free-id-786 .wpcp-swiper-dots {margin: 40px 0px 0px 0px;}.wpcp-wrapper-786 .swiper-wrapper .swiper-slide-kenburn, .wpcp-wrapper-786 .swiper-wrapper, .wpcp-wrapper-786 .wpcpro-row{align-items: center;}#sp-wp-carousel-free-id-786 .wpcp-single-item {box-shadow: 0px 0px 0px 0px #dddddd;transition: all .3s;margin: 0px;}#sp-wp-carousel-free-id-786.swiper-flip .wpcp-single-item{margin: 0!important;}#sp-wp-carousel-free-id-786 .wpcp-single-item:hover {box-shadow: 0px 0px 0px 0px #dddddd;}#sp-wp-carousel-free-id-786.sp-wpcp-786 .wpcp-single-item {border: 1px solid #dddddd;}#sp-wp-carousel-free-id-786.wpcp-carousel-section.sp-wpcp-786 .swiper-button-prev,#sp-wp-carousel-free-id-786.wpcp-carousel-section.sp-wpcp-786 .swiper-button-next,#sp-wp-carousel-free-id-786.wpcp-carousel-section.sp-wpcp-786 .swiper-button-prev:hover,#sp-wp-carousel-free-id-786.wpcp-carousel-section.sp-wpcp-786 .swiper-button-next:hover {font-size: 18px ; font-weight: 400;}#sp-wp-carousel-free-id-786.sp-wpcp-786 .swiper-button-prev,#sp-wp-carousel-free-id-786.sp-wpcp-786 .swiper-button-next,#sp-wp-carousel-free-id-786.sp-wpcp-786 .swiper-button-prev:hover,#sp-wp-carousel-free-id-786.sp-wpcp-786 .swiper-button-next:hover {background: none;border: none;font-size: 30px;}#sp-wp-carousel-free-id-786.sp-wpcp-786 .swiper-button-prev i,#sp-wp-carousel-free-id-786.sp-wpcp-786 .swiper-button-next i {color: #aaa;}#sp-wp-carousel-free-id-786.sp-wpcp-786 .swiper-button-prev i:hover,#sp-wp-carousel-free-id-786.sp-wpcp-786 .swiper-button-next i:hover {color: #178087;}#sp-wp-carousel-free-id-786.sp-wpcp-786 .wpcp-swiper-dots .swiper-pagination-bullet {background-color: #cccccc;}#sp-wp-carousel-free-id-786.sp-wpcp-786 .wpcp-swiper-dots .swiper-pagination-bullet.swiper-pagination-bullet-active {background-color: #178087;} #sp-wp-carousel-free-id-786.sp-wpcp-786.wpcp-image-carousel .wpcp-single-item:hover img, #sp-wp-carousel-free-id-786.sp-wpcp-786.wpcp-post-carousel .wpcp-single-item:hover img, #sp-wp-carousel-free-id-786.sp-wpcp-786.wpcp-product-carousel .wpcp-single-item:hover img{-webkit-transform: scale(1.2);-moz-transform: scale(1.2);transform: scale(1.2);}#sp-wp-carousel-free-id-786 .wpcpro-row>[class*=\"wpcpro-col-\"] { padding: 0 10px; padding-bottom: 20px;} #sp-wp-carousel-free-id-786 .swiper-slide .single-item-fade:not(:last-child) { margin-right: 20px;}@media (min-width: 480px) { .wpcpro-row .wpcpro-col-sm-1 { flex: 0 0 100%; max-width: 100%; } .wpcpro-row .wpcpro-col-sm-2 { flex: 0 0 50%; max-width: 50%; } .wpcpro-row .wpcpro-col-sm-2-5 { flex: 0 0 75%; max-width: 75%; } .wpcpro-row .wpcpro-col-sm-3 { flex: 0 0 33.333%; max-width: 33.333%; } .wpcpro-row .wpcpro-col-sm-4 { flex: 0 0 25%; max-width: 25%; } .wpcpro-row .wpcpro-col-sm-5 { flex: 0 0 20%; max-width: 20%; } .wpcpro-row .wpcpro-col-sm-6 { flex: 0 0 16.66666666666667%; max-width: 16.66666666666667%; } .wpcpro-row .wpcpro-col-sm-7 { flex: 0 0 14.28571428%; max-width: 14.28571428%; } .wpcpro-row .wpcpro-col-sm-8 { flex: 0 0 12.5%; max-width: 12.5%; } } @media (max-width: 480px) { .wpcpro-row .wpcpro-col-xs-1 { flex: 0 0 100%; max-width: 100%; } .wpcpro-row .wpcpro-col-xs-2 { flex: 0 0 50%; max-width: 50%; } .wpcpro-row .wpcpro-col-xs-3 { flex: 0 0 33.222%; max-width: 33.222%; } .wpcpro-row .wpcpro-col-xs-4 { flex: 0 0 25%; max-width: 25%; } .wpcpro-row .wpcpro-col-xs-5 { flex: 0 0 20%; max-width: 20%; } .wpcpro-row .wpcpro-col-xs-6 { flex: 0 0 16.6667%; max-width: 16.6667%; } .wpcpro-row .wpcpro-col-xs-7 { flex: 0 0 14.28571428%; max-width: 14.28571428%; } .wpcpro-row .wpcpro-col-xs-8 { flex: 0 0 12.5%; max-width: 12.5%; } } @media (min-width: 736px) { .wpcpro-row .wpcpro-col-md-1 { flex: 0 0 100%; max-width: 100%; } .wpcpro-row .wpcpro-col-md-2 { flex: 0 0 50%; max-width: 50%; } .wpcpro-row .wpcpro-col-md-2-5 { flex: 0 0 75%; max-width: 75%; } .wpcpro-row .wpcpro-col-md-3 { flex: 0 0 33.333%; max-width: 33.333%; } .wpcpro-row .wpcpro-col-md-4 { flex: 0 0 25%; max-width: 25%; } .wpcpro-row .wpcpro-col-md-5 { flex: 0 0 20%; max-width: 20%; } .wpcpro-row .wpcpro-col-md-6 { flex: 0 0 16.66666666666667%; max-width: 16.66666666666667%; } .wpcpro-row .wpcpro-col-md-7 { flex: 0 0 14.28571428%; max-width: 14.28571428%; } .wpcpro-row .wpcpro-col-md-8 { flex: 0 0 12.5%; max-width: 12.5%; } } @media (min-width: 980px) { .wpcpro-row .wpcpro-col-lg-1 { flex: 0 0 100%; max-width: 100%; } .wpcpro-row .wpcpro-col-lg-2 { flex: 0 0 50%; max-width: 50%; } .wpcpro-row .wpcpro-col-lg-3 { flex: 0 0 33.222%; max-width: 33.222%; } .wpcpro-row .wpcpro-col-lg-4 { flex: 0 0 25%; max-width: 25%; } .wpcpro-row .wpcpro-col-lg-5 { flex: 0 0 20%; max-width: 20%; } .wpcpro-row .wpcpro-col-lg-6 { flex: 0 0 16.6667%; max-width: 16.6667%; } .wpcpro-row .wpcpro-col-lg-7 { flex: 0 0 14.28571428%; max-width: 14.28571428%; } .wpcpro-row .wpcpro-col-lg-8 { flex: 0 0 12.5%; max-width: 12.5%; } } @media (min-width: 1200px) { .wpcpro-row .wpcpro-col-xl-1 { flex: 0 0 100%; max-width: 100%; } .wpcpro-row .wpcpro-col-xl-2 { flex: 0 0 50%; max-width: 50%; } .wpcpro-row .wpcpro-col-xl-3 { flex: 0 0 33.22222222%; max-width: 33.22222222%; } .wpcpro-row .wpcpro-col-xl-4 { flex: 0 0 25%; max-width: 25%; } .wpcpro-row .wpcpro-col-xl-5 { flex: 0 0 20%; max-width: 20%; } .wpcpro-row .wpcpro-col-xl-6 { flex: 0 0 16.66667%; max-width: 16.66667%; } .wpcpro-row .wpcpro-col-xl-7 { flex: 0 0 14.28571428%; max-width: 14.28571428%; } .wpcpro-row .wpcpro-col-xl-8 { flex: 0 0 12.5%; max-width: 12.5%; } }<\/style><div class=\"wpcp-carousel-wrapper wpcp-wrapper-786\">\n\t<div id=\"wpcp-preloader-786\" class=\"wpcp-carousel-preloader\"><img decoding=\"async\" src=\"https:\/\/xn--univerthque-59a.xyz\/wp-content\/plugins\/wp-carousel-free\/public\/css\/spinner.svg\" alt=\"Preloader Image\" \/><\/div>\t<div class=\"wpcp-carousel-content-wrapper\">\n\t<div id=\"sp-wp-carousel-free-id-786\" class=\"wpcp-carousel-section sp-wpcp-786  nav-vertical-center wpcp-image-carousel wpcp-preloader wpcp-standard wpcp-center\" data-swiper='{ &quot;pagination_type&quot;: &quot;dots&quot;,&quot;accessibility&quot;:true, &quot;spaceBetween&quot;:20, &quot;arrows&quot;:true, &quot;freeMode&quot;: false, &quot;autoplay&quot;:true, &quot;effect&quot;: &quot;slide&quot;, &quot;centerMode&quot;: true, &quot;autoplaySpeed&quot;:3000, &quot;dots&quot;:true, &quot;infinite&quot;:true, &quot;speed&quot;:600, &quot;pauseOnHover&quot;:true,\n\t\t\t&quot;slidesToShow&quot;:{&quot;lg_desktop&quot;:5, &quot;desktop&quot;: 4, &quot;laptop&quot;: 3, &quot;tablet&quot;: 2, &quot;mobile&quot;: 1}, &quot;responsive&quot;:{&quot;desktop&quot;:1200, &quot;laptop&quot;: 980, &quot;tablet&quot;: 736, &quot;mobile&quot;: 480}, &quot;rtl&quot;:false, &quot;lazyLoad&quot;: &quot;false&quot;, &quot;swipe&quot;: true, &quot;draggable&quot;: true, &quot;swipeToSlide&quot;:false }' dir=\"ltr\">\n\t\t<div class=\"swiper-wrapper\">\n\t\t<div class=\"swiper-slide\">\n\t<div class=\"wpcp-single-item\">\n\t\t\t<a class=\"wcp-light-box\" data-buttons='[\"close\"]' data-wpc_url='https:\/\/xn--univerthque-59a.xyz\/wp-content\/uploads\/2025\/11\/59439.jpg' href=\"https:\/\/xn--univerthque-59a.xyz\/wp-content\/uploads\/2025\/11\/59439.jpg\" data-fancybox=\"wpcp_view\">\n\t\t<figure>\n\t\t\t<img fetchpriority=\"high\" decoding=\"async\" class=\"skip-lazy\" src=\"https:\/\/xn--univerthque-59a.xyz\/wp-content\/uploads\/2025\/11\/59439.jpg\" alt=\"59439\" width=\"1079\" height=\"1588\">\t\t<\/figure>\n\t<\/a>\n\t\t<\/div>\n<\/div>\n\t<div class=\"swiper-slide\">\n\t<div class=\"wpcp-single-item\">\n\t\t\t<a class=\"wcp-light-box\" data-buttons='[\"close\"]' data-wpc_url='https:\/\/xn--univerthque-59a.xyz\/wp-content\/uploads\/2025\/11\/59424.jpg' href=\"https:\/\/xn--univerthque-59a.xyz\/wp-content\/uploads\/2025\/11\/59424.jpg\" data-fancybox=\"wpcp_view\">\n\t\t<figure>\n\t\t\t<img decoding=\"async\" class=\"skip-lazy\" src=\"https:\/\/xn--univerthque-59a.xyz\/wp-content\/uploads\/2025\/11\/59424.jpg\" alt=\"59424\" width=\"1064\" height=\"1498\">\t\t<\/figure>\n\t<\/a>\n\t\t<\/div>\n<\/div>\n\t<div class=\"swiper-slide\">\n\t<div class=\"wpcp-single-item\">\n\t\t\t<a class=\"wcp-light-box\" data-buttons='[\"close\"]' data-wpc_url='https:\/\/xn--univerthque-59a.xyz\/wp-content\/uploads\/2025\/11\/59450.jpg' href=\"https:\/\/xn--univerthque-59a.xyz\/wp-content\/uploads\/2025\/11\/59450.jpg\" data-fancybox=\"wpcp_view\">\n\t\t<figure>\n\t\t\t<img decoding=\"async\" class=\"skip-lazy\" src=\"https:\/\/xn--univerthque-59a.xyz\/wp-content\/uploads\/2025\/11\/59450.jpg\" alt=\"59450\" width=\"1080\" height=\"1560\">\t\t<\/figure>\n\t<\/a>\n\t\t<\/div>\n<\/div>\n\t<div class=\"swiper-slide\">\n\t<div class=\"wpcp-single-item\">\n\t\t\t<a class=\"wcp-light-box\" data-buttons='[\"close\"]' data-wpc_url='https:\/\/xn--univerthque-59a.xyz\/wp-content\/uploads\/2025\/11\/59427-1.jpg' href=\"https:\/\/xn--univerthque-59a.xyz\/wp-content\/uploads\/2025\/11\/59427-1.jpg\" data-fancybox=\"wpcp_view\">\n\t\t<figure>\n\t\t\t<img loading=\"lazy\" decoding=\"async\" class=\"skip-lazy\" src=\"https:\/\/xn--univerthque-59a.xyz\/wp-content\/uploads\/2025\/11\/59427-1.jpg\" alt=\"59427\" width=\"1080\" height=\"1281\">\t\t<\/figure>\n\t<\/a>\n\t\t<\/div>\n<\/div>\n\t<div class=\"swiper-slide\">\n\t<div class=\"wpcp-single-item\">\n\t\t\t<a class=\"wcp-light-box\" data-buttons='[\"close\"]' data-wpc_url='https:\/\/xn--univerthque-59a.xyz\/wp-content\/uploads\/2025\/11\/59431.jpg' href=\"https:\/\/xn--univerthque-59a.xyz\/wp-content\/uploads\/2025\/11\/59431.jpg\" data-fancybox=\"wpcp_view\">\n\t\t<figure>\n\t\t\t<img loading=\"lazy\" decoding=\"async\" class=\"skip-lazy\" src=\"https:\/\/xn--univerthque-59a.xyz\/wp-content\/uploads\/2025\/11\/59431.jpg\" alt=\"59431\" width=\"1066\" height=\"1540\">\t\t<\/figure>\n\t<\/a>\n\t\t<\/div>\n<\/div>\n\t<div class=\"swiper-slide\">\n\t<div class=\"wpcp-single-item\">\n\t\t\t<a class=\"wcp-light-box\" data-buttons='[\"close\"]' data-wpc_url='https:\/\/xn--univerthque-59a.xyz\/wp-content\/uploads\/2025\/11\/59436.jpg' href=\"https:\/\/xn--univerthque-59a.xyz\/wp-content\/uploads\/2025\/11\/59436.jpg\" data-fancybox=\"wpcp_view\">\n\t\t<figure>\n\t\t\t<img loading=\"lazy\" decoding=\"async\" class=\"skip-lazy\" src=\"https:\/\/xn--univerthque-59a.xyz\/wp-content\/uploads\/2025\/11\/59436.jpg\" alt=\"59436\" width=\"1005\" height=\"1453\">\t\t<\/figure>\n\t<\/a>\n\t\t<\/div>\n<\/div>\n\t<div class=\"swiper-slide\">\n\t<div class=\"wpcp-single-item\">\n\t\t\t<a class=\"wcp-light-box\" data-buttons='[\"close\"]' data-wpc_url='https:\/\/xn--univerthque-59a.xyz\/wp-content\/uploads\/2025\/11\/59421.jpg' href=\"https:\/\/xn--univerthque-59a.xyz\/wp-content\/uploads\/2025\/11\/59421.jpg\" data-fancybox=\"wpcp_view\">\n\t\t<figure>\n\t\t\t<img loading=\"lazy\" decoding=\"async\" class=\"skip-lazy\" src=\"https:\/\/xn--univerthque-59a.xyz\/wp-content\/uploads\/2025\/11\/59421.jpg\" alt=\"59421\" width=\"1080\" height=\"1469\">\t\t<\/figure>\n\t<\/a>\n\t\t<\/div>\n<\/div>\n\t\t\t<\/div>\n\t\t\t\t\t<div class=\"wpcp-swiper-dots swiper-pagination\"><\/div>\n\t\t\t\t<!-- If we need navigation buttons -->\n\t\t\t\t\t<div class=\"wpcp-prev-button swiper-button-prev\"><i class=\"fa fa-angle-left\"><\/i><\/div>\n\t\t\t<div class=\"wpcp-next-button swiper-button-next\"><i class=\"fa fa-angle-right\"><\/i><\/div>\n\t\t\t<\/div>\n\t<\/div>\n<\/div>\n\n\n\n\n<div class=\"wp-block-columns is-layout-flex wp-container-core-columns-is-layout-28f84493 wp-block-columns-is-layout-flex\">\n<div class=\"wp-block-column is-layout-flow wp-block-column-is-layout-flow\">\n<div class=\"blockart-section blockart-section-02951cde\"><div class=\"blockart-container\"><div class=\"blockart-section-inner\">\n<div class=\"blockart-column blockart-column-38eb690b\"><div class=\"blockart-column-inner\">\n<div class=\"blockart-section blockart-section-3eef9b97\"><div class=\"blockart-container\"><div class=\"blockart-section-inner\">\n<div class=\"blockart-column blockart-column-5be88959\"><div class=\"blockart-column-inner\">\n<figure class=\"blockart-image blockart-image-fba69e68\"><img loading=\"lazy\" decoding=\"async\" class=\"wp-image-107 hover-effect-static filter-none mask mask-none\" src=\"https:\/\/xn--univerthque-59a.xyz\/wp-content\/uploads\/2022\/01\/icon_book.png\" alt=\"\" height=\"151\" width=\"150\" srcset=\"https:\/\/xn--univerthque-59a.xyz\/wp-content\/uploads\/2022\/01\/icon_book.png 150w, https:\/\/xn--univerthque-59a.xyz\/wp-content\/uploads\/2022\/01\/icon_book-100x100.png 100w\" sizes=\"(max-width: 150px) 100vw, 150px\" \/><\/figure>\n\n\n\n<h3 class=\"blockart-heading blockart-heading-45a2f785\">Acc\u00e8s illimit\u00e9<\/h3>\n\n\n\n<p class=\"blockart-paragraph blockart-paragraph-49a8f218\"><em>\u201cConsultez une large collection de fichiers PDF \u00e9ducatifs, disponibles \u00e0 tout moment.\u201d<\/em><\/p>\n<\/div><\/div>\n\n\n\n<div class=\"blockart-column blockart-column-34558537\"><div class=\"blockart-column-inner\">\n<figure class=\"blockart-image blockart-image-6610a944\"><img loading=\"lazy\" decoding=\"async\" class=\"wp-image-128 hover-effect-static filter-none mask mask-none\" src=\"https:\/\/xn--univerthque-59a.xyz\/wp-content\/uploads\/2022\/01\/icon_expert.png\" alt=\"\" height=\"151\" width=\"150\" srcset=\"https:\/\/xn--univerthque-59a.xyz\/wp-content\/uploads\/2022\/01\/icon_expert.png 150w, https:\/\/xn--univerthque-59a.xyz\/wp-content\/uploads\/2022\/01\/icon_expert-100x100.png 100w\" sizes=\"(max-width: 150px) 100vw, 150px\" \/><\/figure>\n\n\n\n<h3 class=\"blockart-heading blockart-heading-b1d64656\">Lecture en ligne<\/h3>\n\n\n\n<p class=\"blockart-paragraph blockart-paragraph-9bbfd3ab\"><em>\u201cLisez vos documents directement sur le site, sans t\u00e9l\u00e9chargement n\u00e9cessaire.\u201d<\/em><\/p>\n<\/div><\/div>\n\n\n\n<div class=\"blockart-column blockart-column-3fb235f5\"><div class=\"blockart-column-inner\">\n<figure class=\"blockart-image blockart-image-1767a263\"><img loading=\"lazy\" decoding=\"async\" class=\"wp-image-129 hover-effect-static filter-none mask mask-none\" src=\"https:\/\/xn--univerthque-59a.xyz\/wp-content\/uploads\/2022\/01\/icon_laptop.png\" alt=\"\" height=\"151\" width=\"150\" srcset=\"https:\/\/xn--univerthque-59a.xyz\/wp-content\/uploads\/2022\/01\/icon_laptop.png 150w, https:\/\/xn--univerthque-59a.xyz\/wp-content\/uploads\/2022\/01\/icon_laptop-100x100.png 100w\" sizes=\"(max-width: 150px) 100vw, 150px\" \/><\/figure>\n\n\n\n<h3 class=\"blockart-heading blockart-heading-8d662cb4\">Cat\u00e9gories organis\u00e9es<\/h3>\n\n\n\n<p class=\"blockart-paragraph blockart-paragraph-bcb7377d\"><em>\u201cTrouvez facilement vos PDF gr\u00e2ce \u00e0 des collections class\u00e9es par th\u00e8mes.\u201d<\/em><\/p>\n<\/div><\/div>\n\n\n\n<div class=\"blockart-column blockart-column-3f0e0b52\"><div class=\"blockart-column-inner\">\n<figure class=\"blockart-image blockart-image-0a2137a8\"><img loading=\"lazy\" decoding=\"async\" class=\"wp-image-130 hover-effect-static filter-none mask mask-none\" src=\"https:\/\/xn--univerthque-59a.xyz\/wp-content\/uploads\/2022\/01\/icon_quiz.png\" alt=\"\" height=\"151\" width=\"150\" srcset=\"https:\/\/xn--univerthque-59a.xyz\/wp-content\/uploads\/2022\/01\/icon_quiz.png 150w, https:\/\/xn--univerthque-59a.xyz\/wp-content\/uploads\/2022\/01\/icon_quiz-100x100.png 100w\" sizes=\"(max-width: 150px) 100vw, 150px\" \/><\/figure>\n\n\n\n<h3 class=\"blockart-heading blockart-heading-82d4232a\">Gratuit et simple<\/h3>\n\n\n\n<p class=\"blockart-paragraph blockart-paragraph-b22b9089\"><em>\u201cUn acc\u00e8s rapide, gratuit et sans inscription pour tous vos documents.\u201d<\/em><\/p>\n<\/div><\/div>\n<\/div><\/div><\/div>\n<\/div><\/div>\n<\/div><\/div><\/div>\n<\/div>\n<\/div>\n\n\n\n<div class=\"blockart-section blockart-section-224b3b9a\"><div class=\"blockart-container\"><div class=\"blockart-section-inner\">\n<div class=\"blockart-column blockart-column-34ad6b8c\"><div class=\"blockart-column-inner\">\n<h2 class=\"blockart-heading blockart-heading-9acf5534\">Votre biblioth\u00e8que num\u00e9rique accessible partout<\/h2>\n\n\n\n<p class=\"blockart-paragraph blockart-paragraph-0365a347\"><strong>Notre plateforme vous permet de consulter gratuitement une large s\u00e9lection de fichiers PDF \u00e9ducatifs. Tous vos documents sont accessibles en ligne, sans t\u00e9l\u00e9chargement et organis\u00e9s par th\u00e8mes.\u201d<\/strong><br><strong>\u201cQue vous cherchiez des cours, des livres ou des ressources sp\u00e9cialis\u00e9es, trouvez-les rapidement et lisez-les directement sur le site.\u201d<\/strong><\/p>\n\n\n\n\n\n<div class=\"blockart-buttons blockart-buttons-cc8114b0 is-wrap is-horizontal justify-left justify-center-sm\">\n<div class=\"blockart-button blockart-button-65988c8b \"><a class=\"blockart-button-link is-custom is-style-filled\" href=\"https:\/\/univerth\u00e8que.xyz\/?page_id=1287\">Explorer la biblioth\u00e8que<\/a><\/div>\n<\/div>\n<\/div><\/div>\n\n\n\n<div class=\"blockart-column blockart-column-ea0212e9\"><div class=\"blockart-column-inner\">\n<figure class=\"blockart-image blockart-image-695a003c\"><img loading=\"lazy\" decoding=\"async\" class=\"wp-image-286 hover-effect-static filter-none mask mask-none\" src=\"https:\/\/xn--univerthque-59a.xyz\/wp-content\/uploads\/2022\/01\/learn-anything.jpg\" alt=\"\" height=\"801\" width=\"761\" srcset=\"https:\/\/xn--univerthque-59a.xyz\/wp-content\/uploads\/2022\/01\/learn-anything.jpg 761w, https:\/\/xn--univerthque-59a.xyz\/wp-content\/uploads\/2022\/01\/learn-anything-600x632.jpg 600w, https:\/\/xn--univerthque-59a.xyz\/wp-content\/uploads\/2022\/01\/learn-anything-285x300.jpg 285w\" sizes=\"(max-width: 761px) 100vw, 761px\" \/><\/figure>\n<\/div><\/div>\n<\/div><\/div><\/div>\n\n\n\n<div style=\"background-color: #eaeff5; color: #333333; font-family: Arial, sans-serif; line-height: 1.6; padding: 40px 20px;\">\n\n    <!-- Full-width card with white background -->\n    <div style=\"max-width: 800px; margin: 0 auto; background-color: #ffffff; padding: 30px; border-radius: 12px; box-shadow: 0 6px 12px rgba(0,0,0,0.1); border: 1px solid #e0e0e0;\">\n\n        <!-- New \"Contact Us\" Line -->\n        <p style=\"font-size: 16px; text-align: center; color: #121212; font-weight: bold;\">\n            Pour plus d&rsquo;informations, vous pouvez nous contacter\n        <\/p>\n\n    <\/div>\n\n<\/div>\n\n\n\n<div class=\"blockart-section blockart-section-eb16b03e\"><div class=\"blockart-container\"><div class=\"blockart-section-inner\">\n<div class=\"blockart-column blockart-column-fd95f1fb\"><div class=\"blockart-column-inner\"><\/div><\/div>\n\n\n\n<div class=\"blockart-column blockart-column-dea99c84\"><div class=\"blockart-column-inner\">\n<div class=\"wp-block-contact-form-7-contact-form-selector\">\n<div class=\"wpcf7 no-js\" id=\"wpcf7-f732-o1\" lang=\"fr-FR\" dir=\"ltr\" data-wpcf7-id=\"732\">\n<div class=\"screen-reader-response\"><p role=\"status\" aria-live=\"polite\" aria-atomic=\"true\"><\/p> <ul><\/ul><\/div>\n<form action=\"\/index.php?rest_route=%2Fwp%2Fv2%2Fpages%2F1080#wpcf7-f732-o1\" method=\"post\" class=\"wpcf7-form init\" aria-label=\"Formulaire de contact\" novalidate=\"novalidate\" data-status=\"init\">\n<fieldset class=\"hidden-fields-container\"><input type=\"hidden\" name=\"_wpcf7\" value=\"732\" \/><input type=\"hidden\" name=\"_wpcf7_version\" value=\"6.1.1\" \/><input type=\"hidden\" name=\"_wpcf7_locale\" value=\"fr_FR\" \/><input type=\"hidden\" name=\"_wpcf7_unit_tag\" value=\"wpcf7-f732-o1\" \/><input type=\"hidden\" name=\"_wpcf7_container_post\" value=\"0\" \/><input type=\"hidden\" name=\"_wpcf7_posted_data_hash\" value=\"\" \/>\n<\/fieldset>\n<p><label> Votre nom<br \/>\n<span class=\"wpcf7-form-control-wrap\" data-name=\"your-name\"><input size=\"40\" maxlength=\"400\" class=\"wpcf7-form-control wpcf7-text wpcf7-validates-as-required\" autocomplete=\"name\" aria-required=\"true\" aria-invalid=\"false\" value=\"\" type=\"text\" name=\"your-name\" \/><\/span> <\/label>\n<\/p>\n<p><label> Votre e-mail<br \/>\n<span class=\"wpcf7-form-control-wrap\" data-name=\"your-email\"><input size=\"40\" maxlength=\"400\" class=\"wpcf7-form-control wpcf7-email wpcf7-validates-as-required wpcf7-text wpcf7-validates-as-email\" autocomplete=\"email\" aria-required=\"true\" aria-invalid=\"false\" value=\"\" type=\"email\" name=\"your-email\" \/><\/span> <\/label>\n<\/p>\n<p><label> Objet<br \/>\n<span class=\"wpcf7-form-control-wrap\" data-name=\"your-subject\"><input size=\"40\" maxlength=\"400\" class=\"wpcf7-form-control wpcf7-text wpcf7-validates-as-required\" aria-required=\"true\" aria-invalid=\"false\" value=\"\" type=\"text\" name=\"your-subject\" \/><\/span> <\/label>\n<\/p>\n<p><label> Votre message (facultatif)<br \/>\n<span class=\"wpcf7-form-control-wrap\" data-name=\"your-message\"><textarea cols=\"40\" rows=\"10\" maxlength=\"2000\" class=\"wpcf7-form-control wpcf7-textarea\" aria-invalid=\"false\" name=\"your-message\"><\/textarea><\/span> <\/label>\n<\/p>\n<p><input class=\"wpcf7-form-control wpcf7-submit has-spinner\" type=\"submit\" value=\"Envoyer\" \/>\n<\/p><div class=\"wpcf7-response-output\" aria-hidden=\"true\"><\/div>\n<\/form>\n<\/div>\n<\/div>\n<\/div><\/div>\n\n\n\n<div class=\"blockart-column blockart-column-252c2376\"><div class=\"blockart-column-inner\"><\/div><\/div>\n<\/div><\/div><\/div>\n\n\n\n<p><\/p>\n","protected":false},"excerpt":{"rendered":"<p>Projet de Gestion Informatis\u00e9e des Documents (GED) Ce site pr\u00e9sente notre projet entrant dans le cadre de la gestion informatis\u00e9e des documents GED. CYCLE MASTER : Litt\u00e9ratures et Culture Documentaliste Informatis\u00e9e R\u00e9alis\u00e9 par : Jalila EL HADI\u2013 Hajar ZERROUKI Sous la direction de : Mme Najat ZERROUKI Pour plus d&rsquo;informations, vous pouvez nous contacter<\/p>\n","protected":false},"author":1,"featured_media":0,"parent":0,"menu_order":0,"comment_status":"open","ping_status":"open","template":"page-templates\/pagebuilder.php","meta":{"zakra_page_container_layout":"stretched","zakra_page_sidebar_layout":"no_sidebar","zakra_remove_content_margin":true,"zakra_sidebar":"customizer","zakra_transparent_header":"customizer","zakra_logo":0,"zakra_main_header_style":"default","zakra_menu_item_color":"#ffffff","zakra_menu_item_hover_color":"#000000","zakra_menu_item_active_color":"#23ab70","zakra_menu_active_style":"style-1","zakra_page_header":false,"footnotes":""},"class_list":["post-1080","page","type-page","status-publish","hentry"],"_links":{"self":[{"href":"https:\/\/xn--univerthque-59a.xyz\/index.php?rest_route=\/wp\/v2\/pages\/1080","targetHints":{"allow":["GET"]}}],"collection":[{"href":"https:\/\/xn--univerthque-59a.xyz\/index.php?rest_route=\/wp\/v2\/pages"}],"about":[{"href":"https:\/\/xn--univerthque-59a.xyz\/index.php?rest_route=\/wp\/v2\/types\/page"}],"author":[{"embeddable":true,"href":"https:\/\/xn--univerthque-59a.xyz\/index.php?rest_route=\/wp\/v2\/users\/1"}],"replies":[{"embeddable":true,"href":"https:\/\/xn--univerthque-59a.xyz\/index.php?rest_route=%2Fwp%2Fv2%2Fcomments&post=1080"}],"version-history":[{"count":5,"href":"https:\/\/xn--univerthque-59a.xyz\/index.php?rest_route=\/wp\/v2\/pages\/1080\/revisions"}],"predecessor-version":[{"id":1402,"href":"https:\/\/xn--univerthque-59a.xyz\/index.php?rest_route=\/wp\/v2\/pages\/1080\/revisions\/1402"}],"wp:attachment":[{"href":"https:\/\/xn--univerthque-59a.xyz\/index.php?rest_route=%2Fwp%2Fv2%2Fmedia&parent=1080"}],"curies":[{"name":"wp","href":"https:\/\/api.w.org\/{rel}","templated":true}]}}